{"id":4391,"date":"2021-11-17T15:38:51","date_gmt":"2021-11-17T14:38:51","guid":{"rendered":"https:\/\/www.wecon.de\/wecon\/news-blog\/"},"modified":"2022-10-05T14:05:39","modified_gmt":"2022-10-05T12:05:39","slug":"news-blog","status":"publish","type":"page","link":"https:\/\/www.wecon.de\/en\/wecon\/news-blog\/","title":{"rendered":"News-Blog"},"content":{"rendered":"\n<p class=\"breadcrumb\"><a href=\"https:\/\/www.wecon.de\/en\/wecon\/customer-centricity\/\">Wecon<\/a>\u00a0\u00bb\u00a0News-Blog<\/p>\n\n<h1 class=\"has-text-align-center wp-block-heading\">Wecon Transport Blog <\/h1>\n\n<h2 class=\"has-text-align-center wp-block-heading\">Expert info from the truck manufacturer<\/h2>\n<style>.kt-post-loop_cd3d1b-96 .kadence-post-image{padding-top:0px;padding-right:0px;padding-bottom:10px;padding-left:0px;}.kt-post-loop_cd3d1b-96 .kt-post-grid-wrap{gap:30px 30px;}.kt-post-loop_cd3d1b-96 .kt-blocks-post-grid-item{border-top-left-radius:0px;border-top-right-radius:0px;border-bottom-right-radius:0px;border-bottom-left-radius:0px;overflow:hidden;}.kt-post-loop_cd3d1b-96 .kt-blocks-post-grid-item .kt-blocks-post-grid-item-inner{padding-top:0px;padding-right:0px;padding-bottom:0px;padding-left:0px;}.kt-post-loop_cd3d1b-96 .kt-blocks-post-grid-item header{padding-top:0px;padding-right:0px;padding-bottom:0px;padding-left:0px;margin-top:0px;margin-right:0px;margin-bottom:0px;margin-left:0px;}.kt-post-loop_cd3d1b-96 .kt-blocks-post-grid-item .entry-title{padding-top:5px;padding-right:0px;padding-bottom:10px;padding-left:0px;margin-top:0px;margin-right:0px;margin-bottom:0px;margin-left:0px;font-size:24px;line-height:30px;}.kt-post-loop_cd3d1b-96 .entry-content{padding-top:0px;padding-right:0px;padding-bottom:0px;padding-left:0px;margin-top:0px;margin-right:0px;margin-bottom:0px;margin-left:0px;}.kt-post-loop_cd3d1b-96 .kt-blocks-post-footer{border-top-width:0px;border-right-width:0px;border-bottom-width:0px;border-left-width:0px;padding-top:0px;padding-right:0px;padding-bottom:0px;padding-left:0px;margin-top:0px;margin-right:0px;margin-bottom:0px;margin-left:0px;}.kt-post-loop_cd3d1b-96 .entry-content:after{height:0px;}.kt-post-loop_cd3d1b-96 .kb-filter-item{border-top-width:0px;border-right-width:0px;border-bottom-width:2px;border-left-width:0px;padding-top:5px;padding-right:8px;padding-bottom:5px;padding-left:8px;margin-top:0px;margin-right:10px;margin-bottom:0px;margin-left:0px;}<\/style><div class=\"wp-block-kadence-postgrid kt-blocks-post-loop-block alignnone kt-post-loop_cd3d1b-96 kt-post-grid-layout-grid \"><div class=\"kt-post-grid-layout-grid-wrap kt-post-grid-wrap\" data-columns-xxl=\"2\" data-columns-xl=\"2\" data-columns-md=\"2\" data-columns-sm=\"2\" data-columns-xs=\"1\" data-columns-ss=\"1\"data-item-selector=\".kt-post-masonry-item\" aria-label=\"Post Carousel\"><article class=\"kt-blocks-post-grid-item\"><div class=\"kt-blocks-post-grid-item-inner-wrap kt-feat-image-align-top kt-feat-image-mobile-align-top\"><div class=\"kadence-post-image\"><div class=\"kadence-post-image-intrisic kt-image-ratio-50\" style=\"padding-bottom:50%;\"><div class=\"kadence-post-image-inner-intrisic\"><a aria-hidden=\"true\" tabindex=\"-1\" role=\"presentation\" href=\"https:\/\/www.wecon.de\/en\/2025-03-19\/wecon-auf-der-transport-logistic-2025-save-the-date\/\" aria-label=\"Wecon auf der transport logistic 2025 \u2013 Save the Date!\" class=\"kadence-post-image-inner-wrap\"><img decoding=\"async\" width=\"1024\" height=\"1024\" src=\"https:\/\/www.wecon.de\/wp-content\/uploads\/2025\/03\/Banner-1-1024x1024.png\" class=\"attachment-large size-large wp-post-image\" alt=\"Wecon Transport Logistic 2025\" srcset=\"https:\/\/www.wecon.de\/wp-content\/uploads\/2025\/03\/Banner-1-1024x1024.png 1024w, https:\/\/www.wecon.de\/wp-content\/uploads\/2025\/03\/Banner-1-300x300.png 300w, https:\/\/www.wecon.de\/wp-content\/uploads\/2025\/03\/Banner-1-150x150.png 150w, https:\/\/www.wecon.de\/wp-content\/uploads\/2025\/03\/Banner-1-768x768.png 768w, https:\/\/www.wecon.de\/wp-content\/uploads\/2025\/03\/Banner-1-60x60.png 60w, https:\/\/www.wecon.de\/wp-content\/uploads\/2025\/03\/Banner-1-740x740.png 740w, https:\/\/www.wecon.de\/wp-content\/uploads\/2025\/03\/Banner-1-370x370.png 370w, https:\/\/www.wecon.de\/wp-content\/uploads\/2025\/03\/Banner-1.png 1080w\" sizes=\"(max-width: 1024px) 100vw, 1024px\"><\/a><\/div><\/div><\/div><div class=\"kt-blocks-post-grid-item-inner\"><header><h3 class=\"entry-title\"><a href=\"https:\/\/www.wecon.de\/en\/2025-03-19\/wecon-auf-der-transport-logistic-2025-save-the-date\/\">Wecon auf der transport logistic 2025 \u2013 Save the Date!<\/a><\/h3><div class=\"kt-blocks-post-top-meta\"><div class=\"kt-blocks-date\"><span class=\"kt-blocks-date-pretext\">Posted on <\/span><time datetime=\"2025-03-19T12:44:21+01:00\" class=\"kt-blocks-post-date\">19. March 2025<\/time><\/div><\/div><\/header><div class=\"entry-content\">Vom 2. bis 5. Juni 2025 ist es wieder soweit: Die transport logistic 2025 in M\u00fcnchen \u00f6ffnet ihre T\u00fcren. Auch wir von Wecon sind dabei und laden Sie herzlich ein, uns an unserem Stand in Halle A6, Stand 314 zu &hellip; <a href=\"https:\/\/www.wecon.de\/en\/2025-03-19\/wecon-auf-der-transport-logistic-2025-save-the-date\/\">Read More<\/a><\/div><footer class=\"kt-blocks-post-footer\"><div class=\"kt-blocks-post-footer-left\"><div class=\"kt-blocks-tags kt-blocks-post-footer-section\"><span class=\"kt-blocks-tags-icon\"><svg version=\"1.1\" xmlns=\"http:\/\/www.w3.org\/2000\/svg\" class=\"kt-blocks-tag-svg\" width=\"36\" height=\"32\" fill=\"currentColor\" viewBox=\"0 0 36 32\"><title>Tags<\/title><path d=\"M34.939 19.939l-8.879-8.879c-0.583-0.583-1.736-1.061-2.561-1.061h-18c-0.825 0-1.5 0.675-1.5 1.5v19c0 0.825 0.675 1.5 1.5 1.5h18c0.825 0 1.977-0.477 2.561-1.061l8.879-8.879c0.583-0.583 0.583-1.538-0-2.121zM25 24c-1.657 0-3-1.343-3-3s1.343-3 3-3 3 1.343 3 3-1.343 3-3 3z\"><\/path><path d=\"M2 8h21l-0.939-0.939c-0.583-0.583-1.736-1.061-2.561-1.061h-18c-0.825 0-1.5 0.675-1.5 1.5v19c0 0.825 0.675 1.5 1.5 1.5h0.5v-20z\"><\/path><\/svg><\/span><a href=\"https:\/\/www.wecon.de\/en\/tag\/kombinierter-verkehr-en\/\" rel=\"tag\">kombinierter Verkehr<\/a>, <a href=\"https:\/\/www.wecon.de\/en\/tag\/messe-en\/\" rel=\"tag\">Messe<\/a>, <a href=\"https:\/\/www.wecon.de\/en\/tag\/transport-logisitc-2025-en\/\" rel=\"tag\">transport logisitc 2025<\/a><\/div><\/div><div class=\"kt-blocks-post-footer-right\"><\/div><\/footer><\/div><\/div><\/article><article class=\"kt-blocks-post-grid-item\"><div class=\"kt-blocks-post-grid-item-inner-wrap kt-feat-image-align-top kt-feat-image-mobile-align-top\"><div class=\"kadence-post-image\"><div class=\"kadence-post-image-intrisic kt-image-ratio-50\" style=\"padding-bottom:50%;\"><div class=\"kadence-post-image-inner-intrisic\"><a aria-hidden=\"true\" tabindex=\"-1\" role=\"presentation\" href=\"https:\/\/www.wecon.de\/en\/2021-12-03\/sustainability-in-logistics-and-transport\/\" aria-label=\"Sustainability in logistics and transport\" class=\"kadence-post-image-inner-wrap\"><img decoding=\"async\" width=\"1024\" height=\"512\" src=\"https:\/\/www.wecon.de\/wp-content\/uploads\/2021\/11\/wecon-solaranlage-nachhaltigkeit-1024x512.jpg\" class=\"attachment-large size-large wp-post-image\" alt=\"Wecon company: Sustainability ahead\" srcset=\"https:\/\/www.wecon.de\/wp-content\/uploads\/2021\/11\/wecon-solaranlage-nachhaltigkeit-1024x512.jpg 1024w, https:\/\/www.wecon.de\/wp-content\/uploads\/2021\/11\/wecon-solaranlage-nachhaltigkeit-300x150.jpg 300w, https:\/\/www.wecon.de\/wp-content\/uploads\/2021\/11\/wecon-solaranlage-nachhaltigkeit-768x384.jpg 768w, https:\/\/www.wecon.de\/wp-content\/uploads\/2021\/11\/wecon-solaranlage-nachhaltigkeit-1536x768.jpg 1536w, https:\/\/www.wecon.de\/wp-content\/uploads\/2021\/11\/wecon-solaranlage-nachhaltigkeit-740x370.jpg 740w, https:\/\/www.wecon.de\/wp-content\/uploads\/2021\/11\/wecon-solaranlage-nachhaltigkeit-370x185.jpg 370w, https:\/\/www.wecon.de\/wp-content\/uploads\/2021\/11\/wecon-solaranlage-nachhaltigkeit.jpg 2000w\" sizes=\"(max-width: 1024px) 100vw, 1024px\"><\/a><\/div><\/div><\/div><div class=\"kt-blocks-post-grid-item-inner\"><header><h3 class=\"entry-title\"><a href=\"https:\/\/www.wecon.de\/en\/2021-12-03\/sustainability-in-logistics-and-transport\/\">Sustainability in logistics and transport<\/a><\/h3><div class=\"kt-blocks-post-top-meta\"><div class=\"kt-blocks-date\"><span class=\"kt-blocks-date-pretext\">Posted on <\/span><time datetime=\"2021-12-03T11:00:54+01:00\" class=\"kt-blocks-post-date\">3. December 2021<\/time><\/div><\/div><\/header><div class=\"entry-content\">This is how logistics and transport become sustainable Sustainability is no longer a foreign word in transport and logistics. More and more companies are setting themselves the goal of reducing emissions in their supply chain and contributing to climate protection. &hellip; <a href=\"https:\/\/www.wecon.de\/en\/2021-12-03\/sustainability-in-logistics-and-transport\/\">Read More<\/a><\/div><footer class=\"kt-blocks-post-footer\"><div class=\"kt-blocks-post-footer-left\"><\/div><div class=\"kt-blocks-post-footer-right\"><\/div><\/footer><\/div><\/div><\/article><article class=\"kt-blocks-post-grid-item\"><div class=\"kt-blocks-post-grid-item-inner-wrap kt-feat-image-align-top kt-feat-image-mobile-align-top\"><div class=\"kadence-post-image\"><div class=\"kadence-post-image-intrisic kt-image-ratio-50\" style=\"padding-bottom:50%;\"><div class=\"kadence-post-image-inner-intrisic\"><a aria-hidden=\"true\" tabindex=\"-1\" role=\"presentation\" href=\"https:\/\/www.wecon.de\/en\/2021-11-19\/intermodal-transport-how-to-make-the-switch-to-road-rail-and-international-successful\/\" aria-label=\"Intermodal transport \u2013 How to make the switch to road, rail and international successful\" class=\"kadence-post-image-inner-wrap\"><img decoding=\"async\" width=\"1024\" height=\"512\" src=\"https:\/\/www.wecon.de\/wp-content\/uploads\/2022\/09\/14-kopf-kombinierter-verkehr-1600-1024x512.jpg\" class=\"attachment-large size-large wp-post-image\" alt=\"Header 14 Intermodal transport Composing 1600px\" srcset=\"https:\/\/www.wecon.de\/wp-content\/uploads\/2022\/09\/14-kopf-kombinierter-verkehr-1600-1024x512.jpg 1024w, https:\/\/www.wecon.de\/wp-content\/uploads\/2022\/09\/14-kopf-kombinierter-verkehr-1600-300x150.jpg 300w, https:\/\/www.wecon.de\/wp-content\/uploads\/2022\/09\/14-kopf-kombinierter-verkehr-1600-768x384.jpg 768w, https:\/\/www.wecon.de\/wp-content\/uploads\/2022\/09\/14-kopf-kombinierter-verkehr-1600-1536x768.jpg 1536w, https:\/\/www.wecon.de\/wp-content\/uploads\/2022\/09\/14-kopf-kombinierter-verkehr-1600-740x370.jpg 740w, https:\/\/www.wecon.de\/wp-content\/uploads\/2022\/09\/14-kopf-kombinierter-verkehr-1600-370x185.jpg 370w, https:\/\/www.wecon.de\/wp-content\/uploads\/2022\/09\/14-kopf-kombinierter-verkehr-1600.jpg 1600w\" sizes=\"(max-width: 1024px) 100vw, 1024px\"><\/a><\/div><\/div><\/div><div class=\"kt-blocks-post-grid-item-inner\"><header><h3 class=\"entry-title\"><a href=\"https:\/\/www.wecon.de\/en\/2021-11-19\/intermodal-transport-how-to-make-the-switch-to-road-rail-and-international-successful\/\">Intermodal transport \u2013 How to make the switch to road, rail and international successful<\/a><\/h3><div class=\"kt-blocks-post-top-meta\"><div class=\"kt-blocks-date\"><span class=\"kt-blocks-date-pretext\">Posted on <\/span><time datetime=\"2021-11-19T11:00:54+01:00\" class=\"kt-blocks-post-date\">19. November 2021<\/time><\/div><\/div><\/header><div class=\"entry-content\">Intermodal transport &#8211; Making the switch to road, rail and international possible Intermodal transport is in the fast lane and is seen as a signpost for sustainability and forward-looking progress in the logistics industry. In this article, you will learn &hellip; <a href=\"https:\/\/www.wecon.de\/en\/2021-11-19\/intermodal-transport-how-to-make-the-switch-to-road-rail-and-international-successful\/\">Read More<\/a><\/div><footer class=\"kt-blocks-post-footer\"><div class=\"kt-blocks-post-footer-left\"><div class=\"kt-blocks-tags kt-blocks-post-footer-section\"><span class=\"kt-blocks-tags-icon\"><svg version=\"1.1\" xmlns=\"http:\/\/www.w3.org\/2000\/svg\" class=\"kt-blocks-tag-svg\" width=\"36\" height=\"32\" fill=\"currentColor\" viewBox=\"0 0 36 32\"><title>Tags<\/title><path d=\"M34.939 19.939l-8.879-8.879c-0.583-0.583-1.736-1.061-2.561-1.061h-18c-0.825 0-1.5 0.675-1.5 1.5v19c0 0.825 0.675 1.5 1.5 1.5h18c0.825 0 1.977-0.477 2.561-1.061l8.879-8.879c0.583-0.583 0.583-1.538-0-2.121zM25 24c-1.657 0-3-1.343-3-3s1.343-3 3-3 3 1.343 3 3-1.343 3-3 3z\"><\/path><path d=\"M2 8h21l-0.939-0.939c-0.583-0.583-1.736-1.061-2.561-1.061h-18c-0.825 0-1.5 0.675-1.5 1.5v19c0 0.825 0.675 1.5 1.5 1.5h0.5v-20z\"><\/path><\/svg><\/span><a href=\"https:\/\/www.wecon.de\/en\/tag\/kombinierter-verkehr-en\/\" rel=\"tag\">kombinierter Verkehr<\/a><\/div><\/div><div class=\"kt-blocks-post-footer-right\"><\/div><\/footer><\/div><\/div><\/article><\/div><\/div><!-- .wp-block-kadence-postgrid --><style>.wp-block-kadence-spacer.kt-block-spacer-_93ddeb-57 .kt-block-spacer{height:60px;}.wp-block-kadence-spacer.kt-block-spacer-_93ddeb-57 .kt-divider{border-top-width:1px;height:1px;border-top-color:#eee;width:80%;border-top-style:solid;}<\/style>\n<div class=\"wp-block-kadence-spacer aligncenter kt-block-spacer-_93ddeb-57\"><div class=\"kt-block-spacer kt-block-spacer-halign-center\"><\/div><\/div>\n\n<p class=\"has-text-align-center displaynone\"><strong>Next update:<\/strong><\/p>\n[wpcdt-countdown id=&#8221;4440&#8243;]\n<style>.wp-block-kadence-spacer.kt-block-spacer-_d29bec-14 .kt-block-spacer{height:60px;}.wp-block-kadence-spacer.kt-block-spacer-_d29bec-14 .kt-divider{border-top-width:1px;height:1px;border-top-color:#eee;width:80%;border-top-style:solid;}<\/style>\n<div class=\"wp-block-kadence-spacer aligncenter kt-block-spacer-_d29bec-14\"><div class=\"kt-block-spacer kt-block-spacer-halign-center\"><\/div><\/div>\n","protected":false},"excerpt":{"rendered":"<p>Wecon\u00a0\u00bb\u00a0News-Blog Wecon Transport Blog Expert info from the truck manufacturer Next update:<\/p>\n","protected":false},"author":1,"featured_media":0,"parent":2439,"menu_order":34,"comment_status":"closed","ping_status":"closed","template":"template-feature.php","meta":{"kt_blocks_editor_width":"","_kad_blocks_custom_css":"","_kad_blocks_head_custom_js":"","_kad_blocks_body_custom_js":"","_kad_blocks_footer_custom_js":"","footnotes":""},"class_list":["post-4391","page","type-page","status-publish","hentry"],"yoast_head":"<!-- This site is optimized with the Yoast SEO plugin v27.5 - https:\/\/yoast.com\/product\/yoast-seo-wordpress\/ -->\n<title>Transport Blog | Expert Info from the Truck Manufacturer<\/title>\n<meta name=\"description\" content=\"Tips for saving transport costs and valuable resources. This will make your fleet management even more efficient \u2714 and sustainable \u2714. Info here ... Info here ...\" \/>\n<meta name=\"robots\" content=\"index, follow, max-snippet:-1, max-image-preview:large, max-video-preview:-1\" \/>\n<link rel=\"canonical\" href=\"https:\/\/www.wecon.de\/en\/wecon\/news-blog\/\" \/>\n<meta property=\"og:locale\" content=\"en_US\" \/>\n<meta property=\"og:type\" content=\"article\" \/>\n<meta property=\"og:title\" content=\"Transport Blog | Expert Info from the Truck Manufacturer\" \/>\n<meta property=\"og:description\" content=\"Tips for saving transport costs and valuable resources. This will make your fleet management even more efficient \u2714 and sustainable \u2714. Info here ... Info here ...\" \/>\n<meta property=\"og:url\" content=\"https:\/\/www.wecon.de\/en\/wecon\/news-blog\/\" \/>\n<meta property=\"og:site_name\" content=\"WECON GmbH\" \/>\n<meta property=\"article:publisher\" content=\"https:\/\/www.facebook.com\/wecongmbh\/\" \/>\n<meta property=\"article:modified_time\" content=\"2022-10-05T12:05:39+00:00\" \/>\n<meta property=\"og:image\" content=\"https:\/\/www.wecon.de\/wp-content\/uploads\/2022\/09\/34-kopf-marke-1600.jpg\" \/>\n\t<meta property=\"og:image:width\" content=\"1600\" \/>\n\t<meta property=\"og:image:height\" content=\"800\" \/>\n\t<meta property=\"og:image:type\" content=\"image\/jpeg\" \/>\n<meta name=\"twitter:card\" content=\"summary_large_image\" \/>\n<meta name=\"twitter:label1\" content=\"Est. reading time\" \/>\n\t<meta name=\"twitter:data1\" content=\"1 minute\" \/>\n<script type=\"application\/ld+json\" class=\"yoast-schema-graph\">{\"@context\":\"https:\\\/\\\/schema.org\",\"@graph\":[{\"@type\":\"WebPage\",\"@id\":\"https:\\\/\\\/www.wecon.de\\\/en\\\/wecon\\\/news-blog\\\/\",\"url\":\"https:\\\/\\\/www.wecon.de\\\/en\\\/wecon\\\/news-blog\\\/\",\"name\":\"Transport Blog | Expert Info from the Truck Manufacturer\",\"isPartOf\":{\"@id\":\"https:\\\/\\\/www.wecon.de\\\/en\\\/#website\"},\"datePublished\":\"2021-11-17T14:38:51+00:00\",\"dateModified\":\"2022-10-05T12:05:39+00:00\",\"description\":\"Tips for saving transport costs and valuable resources. This will make your fleet management even more efficient \u2714 and sustainable \u2714. Info here ... Info here ...\",\"breadcrumb\":{\"@id\":\"https:\\\/\\\/www.wecon.de\\\/en\\\/wecon\\\/news-blog\\\/#breadcrumb\"},\"inLanguage\":\"en-US\",\"potentialAction\":[{\"@type\":\"ReadAction\",\"target\":[\"https:\\\/\\\/www.wecon.de\\\/en\\\/wecon\\\/news-blog\\\/\"]}]},{\"@type\":\"BreadcrumbList\",\"@id\":\"https:\\\/\\\/www.wecon.de\\\/en\\\/wecon\\\/news-blog\\\/#breadcrumb\",\"itemListElement\":[{\"@type\":\"ListItem\",\"position\":1,\"name\":\"Wecon\",\"item\":\"https:\\\/\\\/www.wecon.de\\\/en\\\/wecon\\\/\"},{\"@type\":\"ListItem\",\"position\":2,\"name\":\"News-Blog\"}]},{\"@type\":\"WebSite\",\"@id\":\"https:\\\/\\\/www.wecon.de\\\/en\\\/#website\",\"url\":\"https:\\\/\\\/www.wecon.de\\\/en\\\/\",\"name\":\"WECON GmbH\",\"description\":\"Driving forward.\",\"publisher\":{\"@id\":\"https:\\\/\\\/www.wecon.de\\\/en\\\/#organization\"},\"potentialAction\":[{\"@type\":\"SearchAction\",\"target\":{\"@type\":\"EntryPoint\",\"urlTemplate\":\"https:\\\/\\\/www.wecon.de\\\/en\\\/?s={search_term_string}\"},\"query-input\":{\"@type\":\"PropertyValueSpecification\",\"valueRequired\":true,\"valueName\":\"search_term_string\"}}],\"inLanguage\":\"en-US\"},{\"@type\":\"Organization\",\"@id\":\"https:\\\/\\\/www.wecon.de\\\/en\\\/#organization\",\"name\":\"WECON GmbH\",\"url\":\"https:\\\/\\\/www.wecon.de\\\/en\\\/\",\"logo\":{\"@type\":\"ImageObject\",\"inLanguage\":\"en-US\",\"@id\":\"https:\\\/\\\/www.wecon.de\\\/en\\\/#\\\/schema\\\/logo\\\/image\\\/\",\"url\":\"https:\\\/\\\/www.wecon.de\\\/wp-content\\\/uploads\\\/2021\\\/02\\\/wecon-logo-mit-rand-536-240.png\",\"contentUrl\":\"https:\\\/\\\/www.wecon.de\\\/wp-content\\\/uploads\\\/2021\\\/02\\\/wecon-logo-mit-rand-536-240.png\",\"width\":536,\"height\":240,\"caption\":\"WECON GmbH\"},\"image\":{\"@id\":\"https:\\\/\\\/www.wecon.de\\\/en\\\/#\\\/schema\\\/logo\\\/image\\\/\"},\"sameAs\":[\"https:\\\/\\\/www.facebook.com\\\/wecongmbh\\\/\",\"https:\\\/\\\/www.instagram.com\\\/wecon.gmbh\\\/\",\"https:\\\/\\\/de.linkedin.com\\\/company\\\/wecon\",\"https:\\\/\\\/www.youtube.com\\\/user\\\/wecongmbh\"]}]}<\/script>\n<!-- \/ Yoast SEO plugin. -->","yoast_head_json":{"title":"Transport Blog | Expert Info from the Truck Manufacturer","description":"Tips for saving transport costs and valuable resources. This will make your fleet management even more efficient \u2714 and sustainable \u2714. Info here ... Info here ...","robots":{"index":"index","follow":"follow","max-snippet":"max-snippet:-1","max-image-preview":"max-image-preview:large","max-video-preview":"max-video-preview:-1"},"canonical":"https:\/\/www.wecon.de\/en\/wecon\/news-blog\/","og_locale":"en_US","og_type":"article","og_title":"Transport Blog | Expert Info from the Truck Manufacturer","og_description":"Tips for saving transport costs and valuable resources. This will make your fleet management even more efficient \u2714 and sustainable \u2714. Info here ... Info here ...","og_url":"https:\/\/www.wecon.de\/en\/wecon\/news-blog\/","og_site_name":"WECON GmbH","article_publisher":"https:\/\/www.facebook.com\/wecongmbh\/","article_modified_time":"2022-10-05T12:05:39+00:00","og_image":[{"width":1600,"height":800,"url":"https:\/\/www.wecon.de\/wp-content\/uploads\/2022\/09\/34-kopf-marke-1600.jpg","type":"image\/jpeg"}],"twitter_card":"summary_large_image","twitter_misc":{"Est. reading time":"1 minute"},"schema":{"@context":"https:\/\/schema.org","@graph":[{"@type":"WebPage","@id":"https:\/\/www.wecon.de\/en\/wecon\/news-blog\/","url":"https:\/\/www.wecon.de\/en\/wecon\/news-blog\/","name":"Transport Blog | Expert Info from the Truck Manufacturer","isPartOf":{"@id":"https:\/\/www.wecon.de\/en\/#website"},"datePublished":"2021-11-17T14:38:51+00:00","dateModified":"2022-10-05T12:05:39+00:00","description":"Tips for saving transport costs and valuable resources. This will make your fleet management even more efficient \u2714 and sustainable \u2714. Info here ... Info here ...","breadcrumb":{"@id":"https:\/\/www.wecon.de\/en\/wecon\/news-blog\/#breadcrumb"},"inLanguage":"en-US","potentialAction":[{"@type":"ReadAction","target":["https:\/\/www.wecon.de\/en\/wecon\/news-blog\/"]}]},{"@type":"BreadcrumbList","@id":"https:\/\/www.wecon.de\/en\/wecon\/news-blog\/#breadcrumb","itemListElement":[{"@type":"ListItem","position":1,"name":"Wecon","item":"https:\/\/www.wecon.de\/en\/wecon\/"},{"@type":"ListItem","position":2,"name":"News-Blog"}]},{"@type":"WebSite","@id":"https:\/\/www.wecon.de\/en\/#website","url":"https:\/\/www.wecon.de\/en\/","name":"WECON GmbH","description":"Driving forward.","publisher":{"@id":"https:\/\/www.wecon.de\/en\/#organization"},"potentialAction":[{"@type":"SearchAction","target":{"@type":"EntryPoint","urlTemplate":"https:\/\/www.wecon.de\/en\/?s={search_term_string}"},"query-input":{"@type":"PropertyValueSpecification","valueRequired":true,"valueName":"search_term_string"}}],"inLanguage":"en-US"},{"@type":"Organization","@id":"https:\/\/www.wecon.de\/en\/#organization","name":"WECON GmbH","url":"https:\/\/www.wecon.de\/en\/","logo":{"@type":"ImageObject","inLanguage":"en-US","@id":"https:\/\/www.wecon.de\/en\/#\/schema\/logo\/image\/","url":"https:\/\/www.wecon.de\/wp-content\/uploads\/2021\/02\/wecon-logo-mit-rand-536-240.png","contentUrl":"https:\/\/www.wecon.de\/wp-content\/uploads\/2021\/02\/wecon-logo-mit-rand-536-240.png","width":536,"height":240,"caption":"WECON GmbH"},"image":{"@id":"https:\/\/www.wecon.de\/en\/#\/schema\/logo\/image\/"},"sameAs":["https:\/\/www.facebook.com\/wecongmbh\/","https:\/\/www.instagram.com\/wecon.gmbh\/","https:\/\/de.linkedin.com\/company\/wecon","https:\/\/www.youtube.com\/user\/wecongmbh"]}]}},"taxonomy_info":[],"featured_image_src_large":false,"author_info":{"display_name":"mf","author_link":"https:\/\/www.wecon.de\/en\/author\/martin\/"},"comment_info":0,"_links":{"self":[{"href":"https:\/\/www.wecon.de\/en\/wp-json\/wp\/v2\/pages\/4391","targetHints":{"allow":["GET"]}}],"collection":[{"href":"https:\/\/www.wecon.de\/en\/wp-json\/wp\/v2\/pages"}],"about":[{"href":"https:\/\/www.wecon.de\/en\/wp-json\/wp\/v2\/types\/page"}],"author":[{"embeddable":true,"href":"https:\/\/www.wecon.de\/en\/wp-json\/wp\/v2\/users\/1"}],"replies":[{"embeddable":true,"href":"https:\/\/www.wecon.de\/en\/wp-json\/wp\/v2\/comments?post=4391"}],"version-history":[{"count":0,"href":"https:\/\/www.wecon.de\/en\/wp-json\/wp\/v2\/pages\/4391\/revisions"}],"up":[{"embeddable":true,"href":"https:\/\/www.wecon.de\/en\/wp-json\/wp\/v2\/pages\/2439"}],"wp:attachment":[{"href":"https:\/\/www.wecon.de\/en\/wp-json\/wp\/v2\/media?parent=4391"}],"curies":[{"name":"wp","href":"https:\/\/api.w.org\/{rel}","templated":true}]}}